{"id":2424,"date":"2015-10-26T18:03:48","date_gmt":"2015-10-26T18:03:48","guid":{"rendered":"http:\/\/shop.taborpresse.de\/?page_id=2424"},"modified":"2018-01-26T10:04:10","modified_gmt":"2018-01-26T10:04:10","slug":"editions","status":"publish","type":"page","link":"https:\/\/taborpresse.de\/en\/editions\/","title":{"rendered":""},"content":{"rendered":"<div id=\"pl-2424\"  class=\"panel-layout\" ><div id=\"pg-2424-0\"  class=\"panel-grid panel-no-style\" ><div id=\"pgc-2424-0-0\"  class=\"panel-grid-cell\" ><div id=\"panel-2424-0-0-0\" class=\"so-panel widget widget_sow-image panel-first-child panel-last-child\" data-index=\"0\" ><div\n\t\t\t\n\t\t\tclass=\"so-widget-sow-image so-widget-sow-image-default-8b5b6f678277-2424\"\n\t\t\t\n\t\t>\n<div class=\"sow-image-container\">\n\t\t<img \n\tsrc=\"https:\/\/taborpresse.de\/wp-content\/uploads\/editionpic.jpg\" width=\"1000\" height=\"832\" srcset=\"https:\/\/taborpresse.de\/wp-content\/uploads\/editionpic.jpg 1000w, https:\/\/taborpresse.de\/wp-content\/uploads\/editionpic-300x250.jpg 300w, https:\/\/taborpresse.de\/wp-content\/uploads\/editionpic-768x639.jpg 768w, https:\/\/taborpresse.de\/wp-content\/uploads\/editionpic-386x321.jpg 386w, https:\/\/taborpresse.de\/wp-content\/uploads\/editionpic-501x417.jpg 501w, https:\/\/taborpresse.de\/wp-content\/uploads\/editionpic-200x166.jpg 200w, https:\/\/taborpresse.de\/wp-content\/uploads\/editionpic-350x291.jpg 350w, https:\/\/taborpresse.de\/wp-content\/uploads\/editionpic-400x333.jpg 400w, https:\/\/taborpresse.de\/wp-content\/uploads\/editionpic-150x125.jpg 150w, https:\/\/taborpresse.de\/wp-content\/uploads\/editionpic-650x541.jpg 650w, https:\/\/taborpresse.de\/wp-content\/uploads\/editionpic-250x208.jpg 250w, https:\/\/taborpresse.de\/wp-content\/uploads\/editionpic-550x458.jpg 550w, https:\/\/taborpresse.de\/wp-content\/uploads\/editionpic-800x666.jpg 800w, https:\/\/taborpresse.de\/wp-content\/uploads\/editionpic-216x180.jpg 216w, https:\/\/taborpresse.de\/wp-content\/uploads\/editionpic-361x300.jpg 361w, https:\/\/taborpresse.de\/wp-content\/uploads\/editionpic-601x500.jpg 601w, https:\/\/taborpresse.de\/wp-content\/uploads\/editionpic-201x167.jpg 201w, https:\/\/taborpresse.de\/wp-content\/uploads\/editionpic-401x334.jpg 401w, https:\/\/taborpresse.de\/wp-content\/uploads\/editionpic-751x625.jpg 751w\" sizes=\"(max-width: 1000px) 100vw, 1000px\" alt=\"\" \t\tclass=\"so-widget-image\"\/>\n\t<\/div>\n\n<\/div><\/div><\/div><\/div><div id=\"pg-2424-1\"  class=\"panel-grid panel-no-style\" ><div id=\"pgc-2424-1-0\"  class=\"panel-grid-cell\" ><div id=\"panel-2424-1-0-0\" class=\"so-panel widget widget_sow-editor panel-first-child panel-last-child\" data-index=\"1\" ><div class=\"uberuns panel-widget-style panel-widget-style-for-2424-1-0-0\" ><div\n\t\t\t\n\t\t\tclass=\"so-widget-sow-editor so-widget-sow-editor-base\"\n\t\t\t\n\t\t>\n<div class=\"siteorigin-widget-tinymce textwidget\">\n\t<p>Die Editionen der Tabor Presse Berlin gibt es seit 1982. Wir verlegen Druckgrafik von jungen und etablierten K\u00fcnstlern, die ebenso wie wir einen hohen Anspruch an Originalit\u00e4t und Qualit\u00e4t haben. Neben einzelnen Grafiken, Grafikserien, <span style=\"text-decoration: underline;\"><a href=\"http:\/\/shop.taborpresse.de\/produkt-kategorie\/book\/\">B\u00fcchern<\/a><\/span> und\u00a0<span style=\"text-decoration: underline;\"><a href=\"http:\/\/shop.taborpresse.de\/produkt-kategorie\/book\/\">Portfolios<\/a><\/span>\u00a0erscheint j\u00e4hrlich\u00a0unser\u00a0<span style=\"text-decoration: underline;\"><a href=\"http:\/\/shop.taborpresse.de\/produkt-kategorie\/graphic-calendar\/\">Grafik\u2011Kalender <\/a><\/span>mit zw\u00f6lf Originalgrafiken von ebenso vielen K\u00fcnstlern.<\/p><\/div>\n<\/div><\/div><\/div><\/div><\/div><div id=\"pg-2424-2\"  class=\"panel-grid panel-no-style\" ><div id=\"pgc-2424-2-0\"  class=\"panel-grid-cell\" ><div id=\"panel-2424-2-0-0\" class=\"so-panel widget widget_text panel-first-child panel-last-child\" data-index=\"2\" >\t\t\t<div class=\"textwidget\"><h2>Informationen<\/h2>\n\n<div class=\"su-tabs su-tabs-style-default su-tabs-mobile-stack su-tabs-vertical\" data-active=\"1\" data-scroll-offset=\"0\" data-anchor-in-url=\"no\"><div class=\"su-tabs-nav\"><span class=\"\" data-url=\"\" data-target=\"blank\" tabindex=\"0\" role=\"button\">Qualit\u00e4t<\/span><span class=\"\" data-url=\"\" data-target=\"blank\" tabindex=\"0\" role=\"button\">Versand<\/span><span class=\"\" data-url=\"\" data-target=\"blank\" tabindex=\"0\" role=\"button\">Rahmung<\/span><span class=\"\" data-url=\"\" data-target=\"blank\" tabindex=\"0\" role=\"button\">Bezahlung<\/span><span class=\"\" data-url=\"\" data-target=\"blank\" tabindex=\"0\" role=\"button\">AGB \/ Datenschutz <\/span><span class=\"\" data-url=\"\" data-target=\"blank\" tabindex=\"0\" role=\"button\">english<\/span><\/div><div class=\"su-tabs-panes\"><div class=\"su-tabs-pane su-u-clearfix su-u-trim\" data-title=\"Qualit\u00e4t\"> Jeder bedruckte Bogen Papier, der unsere Werkstatt verl\u00e4sst, ist mehrmals durch unsere H\u00e4nde gegangen. Wir haben die B\u00f6gen gez\u00e4hlt, sie einzeln gefeuchtet, mehrfach in der Presse mit unterschiedlichen Farbformen bedruckt, mindestens zweimal zum Trocknen in frische Werkdruckb\u00f6gen gelegt und gepresst, anschlie\u00dfend sortiert und mit unserem Pr\u00e4gestempel versehen. Dann erst ist er bereit f\u00fcr die Signatur des K\u00fcnstlers und die Nummerierung.\nGedruckt wird in der Regel\u00a0auf s\u00e4urefreie Hadern-B\u00fcttenpapiere mit hochpigmentierten Farben was eine gute Licht-und Alterungsbest\u00e4ndigkeit gew\u00e4hrleistet. <\/div>\n<div class=\"su-tabs-pane su-u-clearfix su-u-trim\" data-title=\"Versand\"> Wir versenden <strong>kostenlos<\/strong> innerhalb Europas.\n\nWe offer <strong>free shipping<\/strong> to adresses in europe.\nFor other destinations ask us for rates via mail: <a href=\"mailto:mail@taborpresse.de\">email<\/a>\n <\/div>\n<div class=\"su-tabs-pane su-u-clearfix su-u-trim\" data-title=\"Rahmung\"> Eine Grafik braucht einen Rahmen. Bei Interesse an einer professionellen Rahmung sprechen Sie uns einfach an.\n<a href=\"mailto:mail@taborpresse.de\">email<\/a> <\/div>\n<div class=\"su-tabs-pane su-u-clearfix su-u-trim\" data-title=\"Bezahlung\"> <div class=\"woocommerce woocommerce-gzd\">\n\t<ul class=\"payment_methods methods\">\n\t\t\t\t\t<li class=\"payment_method_woocommerce_payments_apple_pay\">\n\t\t\t\t<label>Apple Pay<img decoding=\"async\" src=\"https:\/\/taborpresse.de\/wp-content\/plugins\/woocommerce-payments\/assets\/images\/cards\/apple-pay.svg\" alt=\"Apple Pay\" \/><\/label>\n\t\t\t\t\t\t\t\t\t<div class=\"payment_box payment_method_woocommerce_payments_apple_pay\">\n\t\t\t\t\t\t<p><\/p>\n\t\t\t\t\t<\/div>\n\t\t\t\t\t\t\t<\/li>\n\t\t\t\t\t<li class=\"payment_method_woocommerce_payments_google_pay\">\n\t\t\t\t<label>Google Pay<img decoding=\"async\" src=\"https:\/\/taborpresse.de\/wp-content\/plugins\/woocommerce-payments\/assets\/images\/cards\/google-pay.svg\" alt=\"Google Pay\" \/><\/label>\n\t\t\t\t\t\t\t\t\t<div class=\"payment_box payment_method_woocommerce_payments_google_pay\">\n\t\t\t\t\t\t<p><\/p>\n\t\t\t\t\t<\/div>\n\t\t\t\t\t\t\t<\/li>\n\t\t\t\t\t<li class=\"payment_method_bacs\">\n\t\t\t\t<label>Choose advance payment and receive a bonus!<\/label>\n\t\t\t\t\t\t\t\t\t<div class=\"payment_box payment_method_bacs\">\n\t\t\t\t\t\t<p>\u00dcberweisen Sie direkt an unsere Bankverbindung. Bitte nutzen Sie die Bestellnummer als Verwendungszweck.<\/p>\n\t\t\t\t\t<\/div>\n\t\t\t\t\t\t\t<\/li>\n\t\t\t\t\t<li class=\"payment_method_invoice\">\n\t\t\t\t<label>Rechnung<\/label>\n\t\t\t\t\t\t\t\t\t<div class=\"payment_box payment_method_invoice\">\n\t\t\t\t\t\t<p>Bestandskunden k\u00f6nnen auf Rechnung bestellen<\/p>\n\t\t\t\t\t<\/div>\n\t\t\t\t\t\t\t<\/li>\n\t\t\t\t\t<li class=\"payment_method_paypal\">\n\t\t\t\t<label>PayPal<img decoding=\"async\" src=\"https:\/\/taborpresse.de\/wp-content\/plugins\/woocommerce\/assets\/images\/paypal.png\" alt=\"PayPal acceptance mark\" \/><\/label>\n\t\t\t\t\t\t\t\t\t<div class=\"payment_box payment_method_paypal\">\n\t\t\t\t\t\t<p>Denken Sie daran! Bei Vorkasse sparen Sie 5\u20ac!<\/p>\n\t\t\t\t\t<\/div>\n\t\t\t\t\t\t\t<\/li>\n\t\t\t<\/ul>\n<\/div> <\/div>\n<div class=\"su-tabs-pane su-u-clearfix su-u-trim\" data-title=\"AGB \/ Datenschutz \"> Lesen Sie hier unsere:\n<p style=\"padding-left: 30px;\"><a href=\"http:\/\/shop.taborpresse.de\/agb\/\" target=\"_blank\">\n<strong>Allgemeine Gesch\u00e4ftsbedingungen<\/strong><\/a><\/p>\n<p style=\"padding-left: 30px;\"><strong><a href=\"http:\/\/shop.taborpresse.de\/datenschutzbelehrung\/\" target=\"_blank\">Datenschutzerkl\u00e4rung<\/a><\/strong><\/p>\n<p style=\"padding-left: 30px;\"><strong><a href=\"http:\/\/shop.taborpresse.de\/widerrufsbelehrung\/\" target=\"_blank\">Wiederrufsbelehrung<\/a><\/strong><\/p> <\/div>\n<div class=\"su-tabs-pane su-u-clearfix su-u-trim\" data-title=\"english\"> \nThis shop is in german but we do speak english. If you need assistance dont hesitate and contact us:\n\nphone: 0049+(0)306116096\n\n<a href=\"mailto: mail@taborpresse.de\">mail@taborpresse.de<\/a>\n <\/div><\/div><\/div><\/div>\n\t\t<\/div><\/div><\/div><\/div>","protected":false},"excerpt":{"rendered":"<p>Die Editionen der Tabor Presse Berlin gibt es seit 1982. Wir verlegen Druckgrafik von jungen und etablierten K\u00fcnstlern, die ebenso wie wir einen hohen Anspruch an Originalit\u00e4t und Qualit\u00e4t haben. Neben einzelnen Grafiken, Grafikserien, B\u00fcchern und\u00a0Portfolios\u00a0erscheint j\u00e4hrlich\u00a0unser\u00a0Grafik\u2011Kalender mit zw\u00f6lf Originalgrafiken von ebenso vielen K\u00fcnstlern.<\/p>\n","protected":false},"author":1,"featured_media":0,"parent":0,"menu_order":0,"comment_status":"closed","ping_status":"closed","template":"","meta":{"inline_featured_image":false,"footnotes":""},"class_list":["post-2424","page","type-page","status-publish","hentry"],"_links":{"self":[{"href":"https:\/\/taborpresse.de\/en\/wp-json\/wp\/v2\/pages\/2424","targetHints":{"allow":["GET"]}}],"collection":[{"href":"https:\/\/taborpresse.de\/en\/wp-json\/wp\/v2\/pages"}],"about":[{"href":"https:\/\/taborpresse.de\/en\/wp-json\/wp\/v2\/types\/page"}],"author":[{"embeddable":true,"href":"https:\/\/taborpresse.de\/en\/wp-json\/wp\/v2\/users\/1"}],"replies":[{"embeddable":true,"href":"https:\/\/taborpresse.de\/en\/wp-json\/wp\/v2\/comments?post=2424"}],"version-history":[{"count":120,"href":"https:\/\/taborpresse.de\/en\/wp-json\/wp\/v2\/pages\/2424\/revisions"}],"predecessor-version":[{"id":5227,"href":"https:\/\/taborpresse.de\/en\/wp-json\/wp\/v2\/pages\/2424\/revisions\/5227"}],"wp:attachment":[{"href":"https:\/\/taborpresse.de\/en\/wp-json\/wp\/v2\/media?parent=2424"}],"curies":[{"name":"wp","href":"https:\/\/api.w.org\/{rel}","templated":true}]}}