{"id":2444,"date":"2015-10-29T13:51:16","date_gmt":"2015-10-29T13:51:16","guid":{"rendered":"http:\/\/shop.taborpresse.de\/?page_id=2444"},"modified":"2019-12-19T11:58:41","modified_gmt":"2019-12-19T11:58:41","slug":"contact","status":"publish","type":"page","link":"https:\/\/taborpresse.de\/en\/contact\/","title":{"rendered":""},"content":{"rendered":"\n<h1 class=\"wp-block-heading\"><strong>Kontakt:<\/strong><\/h1>\n\n\n\n<p><strong>Tabor Presse Berlin<\/strong> G.b.R.\nInhaber\/Verantwortliche:\nKlaus B\u00fcscher, Jan Pelkofer, Paul Kl\u00f6s\nTaborstra\u00dfe 22\n10997 Berlin\n<a href=\"mailto: mail@taborpresse.de\">email: mail@taborpresse.de<\/a>\nTel.: +0049(0)30 6116096&nbsp;(werktags: 9:00-16:00)\nUst. Nr. DE 135708479<\/p>\n\n\n\n<p>&nbsp;<strong>Rechtliche Hinweise:<\/strong><\/p>\n\n\n\n<p><strong><a href=\"https:\/\/taborpresse.de\/agb\/\">AGB<\/a> \/ <a href=\"https:\/\/taborpresse.de\/datenschutz\/\">Datenschutz<\/a> \/ <a href=\"https:\/\/taborpresse.de\/widerrufsbelehrung\/\">Wiederruf<\/a><\/strong><\/p>\n\n\n\n<p>Auf dieser Seite verwendetes Bildmaterial mit freundlicher Genehmigung\nvon Klaus Mellenthin, Karl Kehlbreier, Pablo Ruiz Holst und Jan Pelkofer<\/p>\n\n\n\n<p><strong>Haftung f\u00fcr Links:<\/strong><\/p>\n\n\n\n<p>Diese website enh\u00e4lt externe links. Auf die Inhalte der verlinkten Seiten haben wir keinen Einfluss und \u00fcbernehmen deshalb auch keine Gew\u00e4hr f\u00fcr diese. Zum Zeitpunkt der Verlinkung waren keine Rechtsverst\u00f6\u00dfe auf den verlinkten Seiten erkennbar,&nbsp;sollte sich dies \u00e4ndern&nbsp;werden wir&nbsp;betroffene links&nbsp;umgehend entfernen.<\/p>\n\n\n\n<p>all rights reserved&nbsp;\u00a9 Tabor Presse Berlin<\/p>\n\n\n\n<p>Der Weg zu uns mit&nbsp;<a rel=\"noreferrer noopener\" href=\"http:\/\/fahrinfo.bvg.de\/Fahrinfo\/bin\/query.bin\/dn?pk_campaign=BVG.de_Eingabe&amp;from=&amp;REQ0JourneyStopsS0ID=&amp;REQ0JourneyStopsfromID=&amp;REQ0JourneyStopsSA1=7&amp;HWAI%3DJS%21js=yes&amp;HWAI%3DJS%21ajax=yes&amp;to=+10997+Berlin-Kreuzberg%2C+Taborstr.+22&amp;REQ0JourneyStopsZ0ID=&amp;REQ0JourneyStopstoID=A%3D2%40O%3D10997+Berlin-Kreuzberg%2C+Taborstr.+22%40X%3D13446622%40Y%3D52497632%40U%3D103%40L%3D7703180%40B%3D1%40p%3D1449674073%40&amp;REQ0JourneyStopsZA1=7&amp;date=06.03.2016&amp;time=17%3A10&amp;timesel=depart&amp;lang=de&amp;start=1\" target=\"_blank\">BVG<\/a> und <a rel=\"noreferrer noopener\" href=\"https:\/\/www.google.de\/maps\/dir\/\/Taborstra%C3%9Fe+22,+10997+Berlin\/@52.4975932,13.4446013,17z\/data=!3m1!4b1!4m9!4m8!1m0!1m5!1m1!1s0x47a84e53a70b4ff1:0x18ffc1a04ea3356!2m2!1d13.44679!2d52.49759!3e1\" target=\"_blank\">Fahrrad<\/a><\/p>\n\n\n\n<iframe loading=\"lazy\" src=\"https:\/\/www.google.com\/maps\/embed?pb=!1m14!1m8!1m3!1d6129.38725076796!2d13.446801000000002!3d52.497544!3m2!1i1024!2i768!4f13.1!3m3!1m2!1s0x47a84e53a70b4ff1%3A0x18ffc1a04ea3356!2sTaborstra%C3%9Fe%2022%2C%2010997%20Berlin!5e1!3m2!1sde!2sde!4v1576756537588!5m2!1sde!2sde\" width=\"600\" height=\"450\" frameborder=\"0\" style=\"border:0;\" allowfullscreen=\"\"><\/iframe>\n","protected":false},"excerpt":{"rendered":"<p>Kontakt: Tabor Presse Berlin G.b.R. Inhaber\/Verantwortliche: Klaus B\u00fcscher, Jan Pelkofer, Paul Kl\u00f6s Taborstra\u00dfe 22 10997 Berlin email: mail@taborpresse.de Tel.: +0049(0)30 6116096&nbsp;(werktags: 9:00-16:00) Ust. Nr. DE 135708479 &nbsp;Rechtliche Hinweise: AGB \/ Datenschutz \/ Wiederruf Auf dieser Seite verwendetes Bildmaterial mit freundlicher Genehmigung von Klaus Mellenthin, Karl Kehlbreier, Pablo Ruiz Holst und Jan Pelkofer Haftung f\u00fcr Links: &hellip; <a href=\"https:\/\/taborpresse.de\/en\/contact\/\" class=\"more-link\">Continue reading <span class=\"screen-reader-text\"><\/span><\/a><\/p>\n","protected":false},"author":1,"featured_media":0,"parent":0,"menu_order":0,"comment_status":"closed","ping_status":"closed","template":"","meta":{"inline_featured_image":false,"footnotes":""},"class_list":["post-2444","page","type-page","status-publish","hentry"],"_links":{"self":[{"href":"https:\/\/taborpresse.de\/en\/wp-json\/wp\/v2\/pages\/2444","targetHints":{"allow":["GET"]}}],"collection":[{"href":"https:\/\/taborpresse.de\/en\/wp-json\/wp\/v2\/pages"}],"about":[{"href":"https:\/\/taborpresse.de\/en\/wp-json\/wp\/v2\/types\/page"}],"author":[{"embeddable":true,"href":"https:\/\/taborpresse.de\/en\/wp-json\/wp\/v2\/users\/1"}],"replies":[{"embeddable":true,"href":"https:\/\/taborpresse.de\/en\/wp-json\/wp\/v2\/comments?post=2444"}],"version-history":[{"count":68,"href":"https:\/\/taborpresse.de\/en\/wp-json\/wp\/v2\/pages\/2444\/revisions"}],"predecessor-version":[{"id":8133,"href":"https:\/\/taborpresse.de\/en\/wp-json\/wp\/v2\/pages\/2444\/revisions\/8133"}],"wp:attachment":[{"href":"https:\/\/taborpresse.de\/en\/wp-json\/wp\/v2\/media?parent=2444"}],"curies":[{"name":"wp","href":"https:\/\/api.w.org\/{rel}","templated":true}]}}