{"id":6280,"date":"2018-05-24T08:44:22","date_gmt":"2018-05-24T08:44:22","guid":{"rendered":"https:\/\/taborpresse.de\/?page_id=6280"},"modified":"2018-08-28T13:03:54","modified_gmt":"2018-08-28T13:03:54","slug":"datenschutz","status":"publish","type":"page","link":"https:\/\/taborpresse.de\/en\/datenschutz\/","title":{"rendered":""},"content":{"rendered":"<p class=\"qtranxs-available-languages-message qtranxs-available-languages-message-en\">Sorry, this entry is only available in <a href=\"https:\/\/taborpresse.de\/de\/wp-json\/wp\/v2\/pages\/6280\" class=\"qtranxs-available-language-link qtranxs-available-language-link-de\" title=\"Deutsch\">Deutsch<\/a>.<\/p><strong><big>Datenschutzerkl\u00e4rung<\/big><\/strong><\/p>\n<p><strong>Allgemeiner Hinweis und Pflichtinformationen<\/strong><\/p>\n<p><strong>Benennung der verantwortlichen Stelle<\/strong><\/p>\n<p>Die verantwortliche Stelle f\u00fcr die Datenverarbeitung auf dieser Website ist:<\/p>\n<p><span id=\"s3-t-firma\">TABOR PRESSE BERLIN<\/span><br \/>\n<span id=\"s3-t-ansprechpartner\">Jan Pelkofer<\/span><br \/>\n<span id=\"s3-t-strasse\">Taborstra\u00dfe, 22<\/span><br \/>\n<span id=\"s3-t-plz\">10997<\/span> <span id=\"s3-t-ort\">Berlin<\/span><\/p>\n<p>Die verantwortliche Stelle entscheidet allein oder gemeinsam mit anderen \u00fcber die Zwecke und Mittel der Verarbeitung von personenbezogenen Daten (z.B. Namen, Kontaktdaten o. \u00c4.).<\/p>\n<p><strong>Widerruf Ihrer Einwilligung zur Datenverarbeitung<\/strong><\/p>\n<p>Nur mit Ihrer ausdr\u00fccklichen Einwilligung sind einige Vorg\u00e4nge der Datenverarbeitung m\u00f6glich. Ein Widerruf Ihrer bereits erteilten Einwilligung ist jederzeit m\u00f6glich. F\u00fcr den Widerruf gen\u00fcgt eine formlose Mitteilung per E-Mail. Die Rechtm\u00e4\u00dfigkeit der bis zum Widerruf erfolgten Datenverarbeitung bleibt vom Widerruf unber\u00fchrt.<\/p>\n<p><strong>Recht auf Beschwerde bei der zust\u00e4ndigen Aufsichtsbeh\u00f6rde<\/strong><\/p>\n<p>Als Betroffener steht Ihnen im Falle eines datenschutzrechtlichen Versto\u00dfes ein Beschwerderecht bei der zust\u00e4ndigen Aufsichtsbeh\u00f6rde zu. Zust\u00e4ndige Aufsichtsbeh\u00f6rde bez\u00fcglich datenschutzrechtlicher Fragen ist der Landesdatenschutzbeauftragte des Bundeslandes, in dem sich der Sitz unseres Unternehmens befindet. Der folgende Link stellt eine Liste der Datenschutzbeauftragten sowie deren Kontaktdaten bereit: <a href=\"https:\/\/www.bfdi.bund.de\/DE\/Infothek\/Anschriften_Links\/anschriften_links-node.html\" target=\"_blank\" rel=\"noopener\">https:\/\/www.bfdi.bund.de\/DE\/Infothek\/Anschriften_Links\/anschriften_links-node.html<\/a>.<\/p>\n<p><strong>Recht auf Daten\u00fcbertragbarkeit<\/strong><\/p>\n<p>Ihnen steht das Recht zu, Daten, die wir auf Grundlage Ihrer Einwilligung oder in Erf\u00fcllung eines Vertrags automatisiert verarbeiten, an sich oder an Dritte aush\u00e4ndigen zu lassen. Die Bereitstellung erfolgt in einem maschinenlesbaren Format. Sofern Sie die direkte \u00dcbertragung der Daten an einen anderen Verantwortlichen verlangen, erfolgt dies nur, soweit es technisch machbar ist.<\/p>\n<p><strong>Recht auf Auskunft, Berichtigung, Sperrung, L\u00f6schung<\/strong><\/p>\n<p>Sie haben jederzeit im Rahmen der geltenden gesetzlichen Bestimmungen das Recht auf unentgeltliche Auskunft \u00fcber Ihre gespeicherten personenbezogenen Daten, Herkunft der Daten, deren Empf\u00e4nger und den Zweck der Datenverarbeitung und ggf. ein Recht auf Berichtigung, Sperrung oder L\u00f6schung dieser Daten. Diesbez\u00fcglich und auch zu weiteren Fragen zum Thema personenbezogene Daten k\u00f6nnen Sie sich jederzeit \u00fcber die im Impressum aufgef\u00fchrten Kontaktm\u00f6glichkeiten an uns wenden.<\/p>\n<p><strong>SSL- bzw. TLS-Verschl\u00fcsselung<\/strong><\/p>\n<p>Aus Sicherheitsgr\u00fcnden und zum Schutz der \u00dcbertragung vertraulicher Inhalte, die Sie an uns als Seitenbetreiber senden, nutzt unsere Website eine SSL-bzw. TLS-Verschl\u00fcsselung. Damit sind Daten, die Sie \u00fcber diese Website \u00fcbermitteln, f\u00fcr Dritte nicht mitlesbar. Sie erkennen eine verschl\u00fcsselte Verbindung an der \u201ehttps:\/\/\u201c Adresszeile Ihres Browsers und am Schloss-Symbol in der Browserzeile.<\/p>\n<p><strong>Datenschutzbeauftragter<\/strong><\/p>\n<p>Wir haben einen Datenschutzbeauftragten bestellt.<\/p>\n<p>Jan, Pelkofer<br \/>\nTaborstra\u00dfe 22<br \/>\n10997 Berlin<\/p>\n<p>Telefon: 030\/6116096<br \/>\nE-Mail: mail@taborpresse.de<\/p>\n<p><strong>Server-Log-Dateien<\/strong><\/p>\n<p>In Server-Log-Dateien erhebt und speichert der Provider der Website automatisch Informationen, die Ihr Browser automatisch an uns \u00fcbermittelt. Dies sind:<\/p>\n<ul>\n<li>Browsertyp und Browserversion<\/li>\n<li>Verwendetes Betriebssystem<\/li>\n<li>Referrer URL<\/li>\n<li>Hostname des zugreifenden Rechners<\/li>\n<li>Uhrzeit der Serveranfrage<\/li>\n<li>IP-Adresse<\/li>\n<\/ul>\n<p>Es findet keine Zusammenf\u00fchrung dieser Daten mit anderen Datenquellen statt. Grundlage der Datenverarbeitung bildet Art. 6 Abs. 1 lit. b DSGVO, der die Verarbeitung von Daten zur Erf\u00fcllung eines Vertrags oder vorvertraglicher Ma\u00dfnahmen gestattet.<\/p>\n<p><strong>Daten\u00fcbermittlung bei Vertragsschluss f\u00fcr Warenkauf und Warenversand<\/strong><\/p>\n<p>Personenbezogene Daten werden nur an Dritte nur \u00fcbermittelt, sofern eine Notwendigkeit im Rahmen der Vertragsabwicklung besteht. Dritte k\u00f6nnen beispielsweise Bezahldienstleister oder Logistikunternehmen sein. Eine weitergehende \u00dcbermittlung der Daten findet nicht statt bzw. nur dann, wenn Sie dieser ausdr\u00fccklich zugestimmt haben.<\/p>\n<p>Grundlage f\u00fcr die Datenverarbeitung ist Art. 6 Abs. 1 lit. b DSGVO, der die Verarbeitung von Daten zur Erf\u00fcllung eines Vertrags oder vorvertraglicher Ma\u00dfnahmen gestattet.<\/p>\n<p><strong>Newsletter-Daten<\/strong><\/p>\n<p>Zum Versenden unseres Newsletters ben\u00f6tigen wir von Ihnen eine E-Mail-Adresse. Eine Verifizierung der angegebenen E-Mail-Adresse ist notwendig und der Empfang des Newsletters ist einzuwilligen. Erg\u00e4nzende Daten werden nicht erhoben oder sind freiwillig.<br \/>\nDie Verwendung der Daten erfolgt ausschlie\u00dflich f\u00fcr den Versand des Newsletters.<\/p>\n<p>Die bei der Newsletteranmeldung gemachten Daten werden ausschlie\u00dflich auf Grundlage Ihrer Einwilligung (Art. 6 Abs. 1 lit. a DSGVO) verarbeitet. Ein Widerruf Ihrer bereits erteilten Einwilligung ist jederzeit m\u00f6glich. F\u00fcr den Widerruf gen\u00fcgt eine formlose<br \/>\nMitteilung per E-Mail oder Sie melden sich \u00fcber den &#8220;Austragen&#8221;-Link im Newsletter ab. Die Rechtm\u00e4\u00dfigkeit der bereits erfolgten Datenverarbeitungsvorg\u00e4nge bleibt vom Widerruf unber\u00fchrt.<\/p>\n<p>Wir erfassen ob Newsletter ge\u00f6ffnet werden und ob die darin enthaltenden hyperlinks geklickt werden.<\/p>\n<p>Zur Einrichtung des Abonnements eingegebene Daten werden im Falle der Abmeldung gel\u00f6scht. Sollten diese Daten f\u00fcr andere Zwecke und an anderer Stelle an uns \u00fcbermittelt worden sein, verbleiben diese weiterhin bei uns.<\/p>\n<p><strong>YouTube<\/strong><\/p>\n<p>F\u00fcr Integration und Darstellung von Videoinhalten nutzt unsere Website Plugins von YouTube. Anbieter des Videoportals ist die YouTube, LLC, 901 Cherry Ave., San Bruno, CA 94066, USA.<\/p>\n<p>Bei Aufruf einer Seite mit integriertem YouTube-Plugin wird eine Verbindung zu den Servern von YouTube hergestellt. YouTube erf\u00e4hrt hierdurch, welche unserer Seiten Sie aufgerufen haben.<\/p>\n<p>YouTube kann Ihr Surfverhalten direkt Ihrem pers\u00f6nlichen Profil zuzuordnen, sollten Sie in Ihrem YouTube Konto eingeloggt sein. Durch vorheriges Ausloggen haben Sie die M\u00f6glichkeit, dies zu unterbinden.<\/p>\n<p>Die Nutzung von YouTube erfolgt im Interesse einer ansprechenden Darstellung unserer Online-Angebote. Dies stellt ein berechtigtes Interesse im Sinne von Art. 6 Abs. 1 lit. f DSGVO dar.<\/p>\n<p>Einzelheiten zum Umgang mit Nutzerdaten finden Sie in der Datenschutzerkl\u00e4rung von YouTube unter: <a href=\"https:\/\/www.google.de\/intl\/de\/policies\/privacy\">https:\/\/www.google.de\/intl\/de\/policies\/privacy<\/a>.<\/p>\n<p><strong>Google Maps<\/strong><\/p>\n<p class=\"bodytext\">Wir verwenden auf unserer Webseite das Angebot von \u201eGoogle Maps\u201c, einem Online-Kartendienst der Google Inc., 1600 Amphitheatre Parkway, Mountain View, CA 94043, USA (nachfolgend bezeichnet als: \u201eGoogle\u201c). Dadurch k\u00f6nnen wir Ihnen interaktive Karten \u00fcber den Link anzeigen und erm\u00f6glichen Ihnen die komfortable Nutzung der Karten-Funktion. Durch Ihre Nutzung des Links erh\u00e4lt Google die Information, dass Sie die entsprechende Unterseite unserer Webseite aufgerufen haben. Dabei wird Ihre IP-Adresse \u00fcbermittelt. Dies erfolgt unabh\u00e4ngig davon, ob Google ein Nutzerkonto bereitstellt, \u00fcber das Sie eingeloggt sind, oder ob kein Nutzerkonto besteht. Wenn Sie bei Google eingeloggt sind, werden Ihre Daten direkt Ihrem Konto zugeordnet. Wenn Sie die Zuordnung mit Ihrem Profil bei Google nicht w\u00fcnschen, m\u00fcssen Sie sich vorab ausloggen. Google speichert Ihre Daten als Nutzungsprofile und nutzt sie f\u00fcr Zwecke der Werbung und Marktforschung. Eine solche Auswertung erfolgt insbesondere (selbst f\u00fcr nicht eingeloggte Nutzer) zur Erbringung von bedarfsgerechter Werbung.<\/p>\n<p class=\"bodytext\">Wir verwenden Google Maps, um Ihnen interaktive Karten von Google Maps anzeigen zu k\u00f6nnen und so Ihnen eine bessere Information zu erm\u00f6glichen. Hierin liegt auch unser berechtigtes Interesse.<\/p>\n<p class=\"bodytext\">Ihnen steht ein Widerspruchsrecht zu gegen die Bildung dieser Nutzerprofile, wobei Sie sich hierf\u00fcr an Google wenden m\u00fcssen.<\/p>\n<p class=\"bodytext\">Google hat sich dem zwischen der Europ\u00e4ischen Union und den USA geschlossenen Privacy-Shield-Abkommen unterworfen und sich zertifiziert. Dadurch verpflichtet sich Google, die Standards und Vorschriften des europ\u00e4ischen Datenschutzrechts einzuhalten. N\u00e4here Informationen k\u00f6nnen Sie dem nachfolgend verlinkten Eintrag entnehmen:\u00a0<a href=\"https:\/\/www.privacyshield.gov\/participant?id=a2zt000000001L5AAI&amp;status=Active\">https:\/\/www.privacyshield.gov\/participant?id=a2zt000000001L5AAI&amp;status=Active<\/a><\/p>\n<p class=\"bodytext\">Weitere Informationen zu Zweck und Umfang der Datenerhebung und ihrer Verarbeitung durch den Plug-in-Anbieter erhalten Sie in den Datenschutzerkl\u00e4rungen des Anbieters. Dort erhalten Sie auch weitere Informationen zu Ihren diesbez\u00fcglichen Rechten und Einstellungsm\u00f6glichkeiten zum Schutze Ihrer Privatsph\u00e4re:\u00a0<a href=\"http:\/\/www.google.de\/intl\/de\/policies\/privacy\">http:\/\/www.google.de\/intl\/de\/policies\/privacy<\/a>.<\/p>\n<p><strong>Cookies<\/strong><\/p>\n<p>Unsere Website verwendet Cookies. Das sind kleine Textdateien, die Ihr Webbrowser auf Ihrem Endger\u00e4t speichert. Cookies helfen uns dabei, unser Angebot nutzerfreundlicher, effektiver und sicherer zu machen.<\/p>\n<p>Einige Cookies sind \u201cSession-Cookies.\u201d Solche Cookies werden nach Ende Ihrer Browser-Sitzung von selbst gel\u00f6scht. Hingegen bleiben andere Cookies auf Ihrem Endger\u00e4t bestehen, bis Sie diese selbst l\u00f6schen. Solche Cookies helfen uns, Sie bei R\u00fcckkehr auf<br \/>\nunserer Website wiederzuerkennen.<\/p>\n<p>Mit einem modernen Webbrowser k\u00f6nnen Sie das Setzen von Cookies \u00fcberwachen, einschr\u00e4nken oder unterbinden. Viele Webbrowser lassen sich so konfigurieren, dass Cookies mit dem Schlie\u00dfen des Programms von selbst gel\u00f6scht werden. Die Deaktivierung von Cookies<br \/>\nkann eine eingeschr\u00e4nkte Funktionalit\u00e4t unserer Website zur Folge haben.<\/p>\n<p>Das Setzen von Cookies, die zur Aus\u00fcbung elektronischer Kommunikationsvorg\u00e4nge oder der Bereitstellung bestimmter, von Ihnen erw\u00fcnschter Funktionen (z.B. Warenkorb) notwendig sind, erfolgt auf Grundlage von Art. 6 Abs. 1 lit. f DSGVO. Als Betreiber dieser<br \/>\nWebsite haben wir ein berechtigtes Interesse an der Speicherung von Cookies zur technisch fehlerfreien und reibungslosen Bereitstellung unserer Dienste. Sofern die Setzung anderer Cookies (z.B. f\u00fcr Analyse-Funktionen) erfolgt, werden diese in dieser<br \/>\nDatenschutzerkl\u00e4rung separat behandelt.<\/p>\n<p><strong>PayPal<\/strong><\/p>\n<p>Unsere Website erm\u00f6glicht die Bezahlung via PayPal. Anbieter des Bezahldienstes ist die PayPal (Europe) S.\u00e0.r.l. et Cie, S.C.A., 22-24 Boulevard Royal, L-2449 Luxembourg.<\/p>\n<p>Wenn Sie mit PayPal bezahlen, erfolgt eine \u00dcbermittlung der von Ihnen eingegebenen Zahlungsdaten an PayPal.<\/p>\n<p>Die \u00dcbermittlung Ihrer Daten an PayPal erfolgt auf Grundlage von Art. 6 Abs. 1 lit. a DSGVO (Einwilligung) und Art. 6 Abs. 1 lit. b DSGVO (Verarbeitung zur Erf\u00fcllung eines Vertrags). Ein Widerruf Ihrer bereits erteilten Einwilligung ist jederzeit m\u00f6glich.<br \/>\nIn der Vergangenheit liegende Datenverarbeitungsvorg\u00e4nge bleiben bei einem Widerruf wirksam.<\/p>\n<p><small>Quelle: Datenschutz-Konfigurator von <a href=\"http:\/\/www.mein-datenschutzbeauftragter.de\" target=\"_blank\" rel=\"noopener\">mein-datenschutzbeauftragter.de<\/a><\/small>","protected":false},"excerpt":{"rendered":"<p>Sorry, this entry is only available in Deutsch.Datenschutzerkl\u00e4rung Allgemeiner Hinweis und Pflichtinformationen Benennung der verantwortlichen Stelle Die verantwortliche Stelle f\u00fcr die Datenverarbeitung auf dieser Website ist: TABOR PRESSE BERLIN Jan Pelkofer Taborstra\u00dfe, 22 10997 Berlin Die verantwortliche Stelle entscheidet allein oder gemeinsam mit anderen \u00fcber die Zwecke und Mittel der Verarbeitung von personenbezogenen Daten (z.B. &hellip; <a href=\"https:\/\/taborpresse.de\/en\/datenschutz\/\" class=\"more-link\">Continue reading <span class=\"screen-reader-text\"><\/span><\/a><\/p>\n","protected":false},"author":1,"featured_media":0,"parent":0,"menu_order":0,"comment_status":"closed","ping_status":"closed","template":"","meta":{"inline_featured_image":false,"footnotes":""},"class_list":["post-6280","page","type-page","status-publish","hentry"],"_links":{"self":[{"href":"https:\/\/taborpresse.de\/en\/wp-json\/wp\/v2\/pages\/6280","targetHints":{"allow":["GET"]}}],"collection":[{"href":"https:\/\/taborpresse.de\/en\/wp-json\/wp\/v2\/pages"}],"about":[{"href":"https:\/\/taborpresse.de\/en\/wp-json\/wp\/v2\/types\/page"}],"author":[{"embeddable":true,"href":"https:\/\/taborpresse.de\/en\/wp-json\/wp\/v2\/users\/1"}],"replies":[{"embeddable":true,"href":"https:\/\/taborpresse.de\/en\/wp-json\/wp\/v2\/comments?post=6280"}],"version-history":[{"count":7,"href":"https:\/\/taborpresse.de\/en\/wp-json\/wp\/v2\/pages\/6280\/revisions"}],"predecessor-version":[{"id":6335,"href":"https:\/\/taborpresse.de\/en\/wp-json\/wp\/v2\/pages\/6280\/revisions\/6335"}],"wp:attachment":[{"href":"https:\/\/taborpresse.de\/en\/wp-json\/wp\/v2\/media?parent=6280"}],"curies":[{"name":"wp","href":"https:\/\/api.w.org\/{rel}","templated":true}]}}