{"id":17203,"date":"2020-08-10T12:57:10","date_gmt":"2020-08-10T12:57:10","guid":{"rendered":"https:\/\/taborpresse.de\/?post_type=product&#038;p=17203"},"modified":"2023-02-02T13:08:20","modified_gmt":"2023-02-02T13:08:20","slug":"splendid-isolation","status":"publish","type":"product","link":"https:\/\/taborpresse.de\/en\/produkt\/splendid-isolation\/","title":{"rendered":"Splendid Isolation"},"content":{"rendered":"<p class=\"qtranxs-available-languages-message qtranxs-available-languages-message-en\">Sorry, this entry is only available in <a href=\"https:\/\/taborpresse.de\/de\/wp-json\/wp\/v2\/product\/17203\" class=\"qtranxs-available-language-link qtranxs-available-language-link-de\" title=\"Deutsch\">Deutsch<\/a>.<\/p><figure class=\"wp-block-embed wp-block-embed-youtube is-type-video is-provider-youtube epyt-figure\"><div class=\"wp-block-embed__wrapper\"><iframe loading=\"lazy\"  id=\"_ytid_29303\"  width=\"660\" height=\"371\"  data-origwidth=\"660\" data-origheight=\"371\" src=\"https:\/\/www.youtube.com\/embed\/jb-LevQszws?enablejsapi=1&autoplay=0&cc_load_policy=0&cc_lang_pref=&iv_load_policy=1&loop=0&rel=1&fs=1&playsinline=0&autohide=2&theme=dark&color=red&controls=1&disablekb=0&\" class=\"__youtube_prefs__  no-lazyload\" title=\"YouTube player\"  allow=\"fullscreen; accelerometer; autoplay; clipboard-write; encrypted-media; gyroscope; picture-in-picture; web-share\" referrerpolicy=\"strict-origin-when-cross-origin\" allowfullscreen data-no-lazy=\"1\" data-skipgform_ajax_framebjll=\"\"><\/iframe><\/div><\/figure>\n<p>Splendid Isolation, Mappe mit 40 einfarbigen Lithografien, einem Holzschnitt und zwei Gedichten von Durs Gr\u00fcnbein, Papierformat: 38x28cm, Mappenformat: 39,8&#215;29,8cm, Auflage: 20 Exemplare<br \/>\n&#8230;<br \/>\nAls Anfang M\u00e4rz der Lockdown verk\u00fcndet wurde, haben wir kurzerhand beschlossen \u201eunsere\u201c K\u00fcnstler um eine Solidarit\u00e4tsgrafik zu bitten. Sie bekamen alle ein DIN A4 Blatt Umdruckpapier und ein St\u00fcck Lithokreide zugeschickt mit der Bitte die bezeichneten B\u00f6gen zur\u00fcckzusenden. Das hat geklappt. Wir konnten 40 Zeichnungen auf Stein bringen und drucken. Zus\u00e4tzlich bekamen wir noch einen Holzschnitt. Die beiden Gedichte stammen von Durs Gr\u00fcnbein, dem wir genauso herzlich danken, wie allen bildenden K\u00fcnstlerinnen und K\u00fcnstlern, Danke!<br \/>\n&#8230;<br \/>\n<span style=\"color: #000000;\"><strong>Sonja Alh\u00e4user<\/strong> <em>caro casino, <\/em><strong>Jim Avignon<\/strong> <em>eyecontact, <\/em><strong>Matthias Beckmann<\/strong> <em>Marienkr\u00f6nung, <\/em><strong>Linde Bischof<\/strong> <em>Ostseetraum, <\/em><strong>Fritz Bornst\u00fcck<\/strong> <em>Corona Drossel, <\/em><strong>Laura Bruce<\/strong> <em>out, <\/em><strong>Sven Dr\u00fchl<\/strong> <em>S.D.2020, <\/em><strong>Friederike Feldmann<\/strong> <em>Fussel, <\/em><strong>Anke Feuchtenberger<\/strong> <em>Erbsens\u00e4cke, <\/em><strong>Pius Fox<\/strong> <em>Dr.peng, <\/em><strong>Pascal Gabet<\/strong> <em>sans l\u00e9gende, <\/em><strong>Moritz G\u00f6tze<\/strong> <em>R\u00e4tsel \u00fcber R\u00e4tsel, <\/em><strong>Philip Gr\u00f6zinger<\/strong> <em>Ja, Nein, Vielleicht, <\/em><strong>Hanna Hennenkemper<\/strong> <em>inside out, <\/em><strong>Andy Hope 1930<\/strong> <em>Riddler room, <\/em><strong>Hans Holle<\/strong> <em>F\u00fcsze coro 19, <\/em><strong>Thomas Hornemann<\/strong> <em>Schlechte Karte, <\/em><strong>Thomas Huber<\/strong> <em>Hier und Jetzt, <\/em><strong>Gabriela Jolowicz<\/strong> <em>Still Life, <\/em><strong>Bodo Kl\u00f6s<\/strong> <em>Wo Gefahr ist w\u00e4chst das Rettende auch, <\/em><strong>Franziska Klotz<\/strong><em> Fahrstuhl, <\/em><strong>Helge Leiberg<\/strong> <em>Abstand-Distanziert euch, <\/em><strong>Werner Liebmann<\/strong> <em>Springer auf C6, <\/em><strong>Stefan Marx<\/strong><em> THE SUN GOES DOWN ALONE, <\/em><strong>Jonathan Meese<\/strong> <em>StunkKunst-Erzisolation de large!!!!!!!, <\/em><strong>Sebastian Meschenmoser<\/strong><em> Pfad, <\/em><strong>Monika Michalko<\/strong> <em>Thinking about IKIGAI, <\/em><strong>Jan Muche<\/strong> <em>Verschwommenes Raster, <\/em><strong>Julia Oschatz<\/strong><em> Geh-Wand, <\/em><strong>Paul Pretzer<\/strong><em> You and me, <\/em><strong>Eva R\u00e4der<\/strong><em> Roses, <\/em><strong>Bodo Rott<\/strong> <em>Zeit des Wartens, <\/em><strong>Hans Scheib<\/strong><em> Fr\u00fchling 2020, <\/em><strong>Moritz Schleime<\/strong> <em>Einsamkeit, <\/em><strong>Reinhard Stangl<\/strong> <em>ohne Titel, <\/em><strong>Daniel M.Thurau<\/strong><em> A kiss in the dark, <\/em><strong>Jorinde Voigt und Oskar Neo Jankowski<\/strong> <em>ohne Titel, <\/em><strong>Markus Vater<\/strong><em> Katze, <\/em><strong>Henning Wagenbreth<\/strong><em> Superheld, <\/em><strong>Trak Wendisch<\/strong><em> Die R\u00fcckkehr der V\u00f6gel, <\/em><strong>Marlon Wobst<\/strong><em> R\u00fcckzug<\/em><\/span>","protected":false},"excerpt":{"rendered":"<p>Sorry, this entry is only available in Deutsch.Splendid Isolation, Mappe mit 40 einfarbigen Lithografien, einem Holzschnitt und zwei Gedichten von Durs Gr\u00fcnbein, Papierformat: 38x28cm, Mappenformat: 39,8&#215;29,8cm, Auflage: 20 Exemplare &#8230; Als Anfang M\u00e4rz der Lockdown verk\u00fcndet wurde, haben wir kurzerhand beschlossen \u201eunsere\u201c K\u00fcnstler um eine Solidarit\u00e4tsgrafik zu bitten. Sie bekamen alle ein DIN A4 Blatt &hellip; <a href=\"https:\/\/taborpresse.de\/en\/produkt\/splendid-isolation\/\" class=\"more-link\">Continue reading <span class=\"screen-reader-text\">Splendid Isolation<\/span><\/a><\/p>\n","protected":false},"featured_media":17206,"template":"","meta":{"inline_featured_image":false},"product_brand":[],"product_cat":[117,146,157,252,163,145,264,263,223,255,277,125,306,311,218,227,149,142,257,114,266,151,309,250,258,315,304,262,228,99,278,310,307,197,286,308],"product_tag":[],"class_list":{"0":"post-17203","1":"product","2":"type-product","3":"status-publish","4":"has-post-thumbnail","6":"product_cat-feuchtenberger-anke","7":"product_cat-rott-bodo","8":"product_cat-book","9":"product_cat-daniel-m-thurau","10":"product_cat-editionen","11":"product_cat-raeder-eva","12":"product_cat-franziska-klotz","13":"product_cat-friederike-feldmann","14":"product_cat-fritz-bornstueck","15":"product_cat-gabriela-jolowicz","16":"product_cat-hanna-hennenkemper","17":"product_cat-holle-hans","18":"product_cat-helge-leiberg","19":"product_cat-henning-wagenbreth","20":"product_cat-jan-muche","21":"product_cat-jim-avignon","22":"product_cat-voigt-jorinde","23":"product_cat-oschatz-julia","24":"product_cat-laura-bruce","25":"product_cat-bischof-linde","26":"product_cat-markus-vater","27":"product_cat-wobst-marlon","28":"product_cat-michelle-jezierski","29":"product_cat-monika-michalko","30":"product_cat-moritz-goetze","31":"product_cat-moritz-schleime","32":"product_cat-paul-pretzer","33":"product_cat-philip-groezinger","34":"product_cat-pius-fox","35":"product_cat-stangl-reinhard","36":"product_cat-sebastian-meschenmoser","37":"product_cat-sonja-alhaeuser","38":"product_cat-stefan-marx","39":"product_cat-druehl","40":"product_cat-thomas-huber","41":"product_cat-werner-liebmann","43":"first","44":"instock","45":"taxable","46":"shipping-taxable","47":"purchasable","48":"product-type-simple"},"_links":{"self":[{"href":"https:\/\/taborpresse.de\/en\/wp-json\/wp\/v2\/product\/17203","targetHints":{"allow":["GET"]}}],"collection":[{"href":"https:\/\/taborpresse.de\/en\/wp-json\/wp\/v2\/product"}],"about":[{"href":"https:\/\/taborpresse.de\/en\/wp-json\/wp\/v2\/types\/product"}],"wp:featuredmedia":[{"embeddable":true,"href":"https:\/\/taborpresse.de\/en\/wp-json\/wp\/v2\/media\/17206"}],"wp:attachment":[{"href":"https:\/\/taborpresse.de\/en\/wp-json\/wp\/v2\/media?parent=17203"}],"wp:term":[{"taxonomy":"product_brand","embeddable":true,"href":"https:\/\/taborpresse.de\/en\/wp-json\/wp\/v2\/product_brand?post=17203"},{"taxonomy":"product_cat","embeddable":true,"href":"https:\/\/taborpresse.de\/en\/wp-json\/wp\/v2\/product_cat?post=17203"},{"taxonomy":"product_tag","embeddable":true,"href":"https:\/\/taborpresse.de\/en\/wp-json\/wp\/v2\/product_tag?post=17203"}],"curies":[{"name":"wp","href":"https:\/\/api.w.org\/{rel}","templated":true}]}}