{"id":28256,"date":"2022-11-11T12:23:12","date_gmt":"2022-11-11T12:23:12","guid":{"rendered":"https:\/\/taborpresse.de\/?post_type=product&#038;p=28256"},"modified":"2022-11-11T13:48:14","modified_gmt":"2022-11-11T13:48:14","slug":"is-this-the-end-philip-groezinger","status":"publish","type":"product","link":"https:\/\/taborpresse.de\/en\/produkt\/is-this-the-end-philip-groezinger\/","title":{"rendered":"&#8221;Is this the End (&#8230;)&#8221;, Philip Gr\u00f6zinger"},"content":{"rendered":"<p class=\"qtranxs-available-languages-message qtranxs-available-languages-message-en\">Sorry, this entry is only available in <a href=\"https:\/\/taborpresse.de\/de\/wp-json\/wp\/v2\/product\/28256\" class=\"qtranxs-available-language-link qtranxs-available-language-link-de\" title=\"Deutsch\">Deutsch<\/a>.<\/p>&#8221;Is this the End of the Beginning or the Beginning of the End&#8221;, Lyrikband mit durchg\u00e4ngig mehrfarbigen Lithografien und Texten von Philip Gr\u00f6zinger und William Blake, Format: 26\u00d736 cm, Auflage: 30 Exemplare","protected":false},"excerpt":{"rendered":"<p>Sorry, this entry is only available in Deutsch.&#8221;Is this the End of the Beginning or the Beginning of the End&#8221;, Lyrikband mit durchg\u00e4ngig mehrfarbigen Lithografien und Texten von Philip Gr\u00f6zinger und William Blake, Format: 26\u00d736 cm, Auflage: 30 Exemplare<\/p>\n","protected":false},"featured_media":28264,"template":"","meta":{"inline_featured_image":false},"product_brand":[],"product_cat":[167,157,262],"product_tag":[],"class_list":{"0":"post-28256","1":"product","2":"type-product","3":"status-publish","4":"has-post-thumbnail","6":"product_cat-a-h","7":"product_cat-book","8":"product_cat-philip-groezinger","10":"first","11":"instock","12":"taxable","13":"shipping-taxable","14":"purchasable","15":"product-type-simple"},"_links":{"self":[{"href":"https:\/\/taborpresse.de\/en\/wp-json\/wp\/v2\/product\/28256","targetHints":{"allow":["GET"]}}],"collection":[{"href":"https:\/\/taborpresse.de\/en\/wp-json\/wp\/v2\/product"}],"about":[{"href":"https:\/\/taborpresse.de\/en\/wp-json\/wp\/v2\/types\/product"}],"wp:featuredmedia":[{"embeddable":true,"href":"https:\/\/taborpresse.de\/en\/wp-json\/wp\/v2\/media\/28264"}],"wp:attachment":[{"href":"https:\/\/taborpresse.de\/en\/wp-json\/wp\/v2\/media?parent=28256"}],"wp:term":[{"taxonomy":"product_brand","embeddable":true,"href":"https:\/\/taborpresse.de\/en\/wp-json\/wp\/v2\/product_brand?post=28256"},{"taxonomy":"product_cat","embeddable":true,"href":"https:\/\/taborpresse.de\/en\/wp-json\/wp\/v2\/product_cat?post=28256"},{"taxonomy":"product_tag","embeddable":true,"href":"https:\/\/taborpresse.de\/en\/wp-json\/wp\/v2\/product_tag?post=28256"}],"curies":[{"name":"wp","href":"https:\/\/api.w.org\/{rel}","templated":true}]}}