{"id":3084,"date":"2015-12-03T16:01:12","date_gmt":"2015-12-03T16:01:12","guid":{"rendered":"http:\/\/shop.taborpresse.de\/produkt\/baris-saribas-o-t-bomber-2\/"},"modified":"2016-06-28T09:14:02","modified_gmt":"2016-06-28T09:14:02","slug":"baris-saribas-o-t-bomber-2","status":"publish","type":"product","link":"https:\/\/taborpresse.de\/en\/produkt\/baris-saribas-o-t-bomber-2\/","title":{"rendered":"Bar\u0131\u015f Sar\u0131ba\u015f &#8220;o.T. (Bomber)&#8221;"},"content":{"rendered":"<p>&#8220;o.T. (Bomber)&#8221; Lithografie 2 Farben, Papierformat: 59,4 x 42 cm,<br \/>\nAuflage: 25 Exemplare<\/p>\n","protected":false},"excerpt":{"rendered":"<p>&#8220;o.T. (Bomber)&#8221; Lithografie 2 Farben, Papierformat: 59,4 x 42 cm, Auflage: 25 Exemplare<\/p>\n","protected":false},"featured_media":4711,"template":"","meta":{"inline_featured_image":false},"product_brand":[],"product_cat":[102,169],"product_tag":[],"class_list":{"0":"post-3084","1":"product","2":"type-product","3":"status-publish","4":"has-post-thumbnail","6":"product_cat-saribas-baris","7":"product_cat-q-z","9":"first","10":"instock","11":"featured","12":"taxable","13":"shipping-taxable","14":"purchasable","15":"product-type-simple"},"_links":{"self":[{"href":"https:\/\/taborpresse.de\/en\/wp-json\/wp\/v2\/product\/3084","targetHints":{"allow":["GET"]}}],"collection":[{"href":"https:\/\/taborpresse.de\/en\/wp-json\/wp\/v2\/product"}],"about":[{"href":"https:\/\/taborpresse.de\/en\/wp-json\/wp\/v2\/types\/product"}],"wp:featuredmedia":[{"embeddable":true,"href":"https:\/\/taborpresse.de\/en\/wp-json\/wp\/v2\/media\/4711"}],"wp:attachment":[{"href":"https:\/\/taborpresse.de\/en\/wp-json\/wp\/v2\/media?parent=3084"}],"wp:term":[{"taxonomy":"product_brand","embeddable":true,"href":"https:\/\/taborpresse.de\/en\/wp-json\/wp\/v2\/product_brand?post=3084"},{"taxonomy":"product_cat","embeddable":true,"href":"https:\/\/taborpresse.de\/en\/wp-json\/wp\/v2\/product_cat?post=3084"},{"taxonomy":"product_tag","embeddable":true,"href":"https:\/\/taborpresse.de\/en\/wp-json\/wp\/v2\/product_tag?post=3084"}],"curies":[{"name":"wp","href":"https:\/\/api.w.org\/{rel}","templated":true}]}}