{"id":3146,"date":"2015-12-03T16:01:36","date_gmt":"2015-12-03T16:01:36","guid":{"rendered":"http:\/\/shop.taborpresse.de\/produkt\/johannes-gruetzke-knochenmaenner-3\/"},"modified":"2017-01-26T09:52:49","modified_gmt":"2017-01-26T09:52:49","slug":"johannes-gruetzke-knochenmaenner-3","status":"publish","type":"product","link":"https:\/\/taborpresse.de\/en\/produkt\/johannes-gruetzke-knochenmaenner-3\/","title":{"rendered":"Johannes Gr\u00fctzke &#8220;Knochenm\u00e4nner&#8221;"},"content":{"rendered":"<p>&#8220;Knochenm\u00e4nner&#8221;, Lithografie 1 Farbe, Papierformat: 99 x 129,5 cm,<br \/>\nAuflage: 40 Exemplare<\/p>\n","protected":false},"excerpt":{"rendered":"<p>&#8220;Knochenm\u00e4nner&#8221;, Lithografie 1 Farbe, Papierformat: 99 x 129,5 cm, Auflage: 40 Exemplare<\/p>\n","protected":false},"featured_media":4566,"template":"","meta":{"inline_featured_image":false},"product_brand":[],"product_cat":[167,123],"product_tag":[],"class_list":{"0":"post-3146","1":"product","2":"type-product","3":"status-publish","4":"has-post-thumbnail","6":"product_cat-a-h","7":"product_cat-gruetzke-johannes","9":"first","10":"instock","11":"taxable","12":"shipping-taxable","13":"product-type-simple"},"_links":{"self":[{"href":"https:\/\/taborpresse.de\/en\/wp-json\/wp\/v2\/product\/3146","targetHints":{"allow":["GET"]}}],"collection":[{"href":"https:\/\/taborpresse.de\/en\/wp-json\/wp\/v2\/product"}],"about":[{"href":"https:\/\/taborpresse.de\/en\/wp-json\/wp\/v2\/types\/product"}],"wp:featuredmedia":[{"embeddable":true,"href":"https:\/\/taborpresse.de\/en\/wp-json\/wp\/v2\/media\/4566"}],"wp:attachment":[{"href":"https:\/\/taborpresse.de\/en\/wp-json\/wp\/v2\/media?parent=3146"}],"wp:term":[{"taxonomy":"product_brand","embeddable":true,"href":"https:\/\/taborpresse.de\/en\/wp-json\/wp\/v2\/product_brand?post=3146"},{"taxonomy":"product_cat","embeddable":true,"href":"https:\/\/taborpresse.de\/en\/wp-json\/wp\/v2\/product_cat?post=3146"},{"taxonomy":"product_tag","embeddable":true,"href":"https:\/\/taborpresse.de\/en\/wp-json\/wp\/v2\/product_tag?post=3146"}],"curies":[{"name":"wp","href":"https:\/\/api.w.org\/{rel}","templated":true}]}}