{"id":3147,"date":"2015-12-03T16:01:36","date_gmt":"2015-12-03T16:01:36","guid":{"rendered":"http:\/\/shop.taborpresse.de\/produkt\/johannes-gruetzke-knochenmaenner-4\/"},"modified":"2017-11-16T14:31:19","modified_gmt":"2017-11-16T14:31:19","slug":"johannes-gruetzke-knochenmaenner-4","status":"publish","type":"product","link":"https:\/\/taborpresse.de\/en\/produkt\/johannes-gruetzke-knochenmaenner-4\/","title":{"rendered":"Johannes Gr\u00fctzke &#8220;Knochenm\u00e4nner&#8221;"},"content":{"rendered":"<p>&#8220;Knochenm\u00e4nner&#8221;, 5 Lithografien je 1 Farbe, Papierformat: 42 x 59,4 cm,<br \/>\nAuflage: 40 Exemplare, davon 25 Exemplare in Mappen<\/p>\n","protected":false},"excerpt":{"rendered":"<p>&#8220;Knochenm\u00e4nner&#8221;, 5 Lithografien je 1 Farbe, Papierformat: 42 x 59,4 cm, Auflage: 40 Exemplare, davon 25 Exemplare in Mappen<\/p>\n","protected":false},"featured_media":4749,"template":"","meta":{"inline_featured_image":false},"product_brand":[],"product_cat":[167,157,123],"product_tag":[],"class_list":{"0":"post-3147","1":"product","2":"type-product","3":"status-publish","4":"has-post-thumbnail","6":"product_cat-a-h","7":"product_cat-book","8":"product_cat-gruetzke-johannes","10":"first","11":"instock","12":"taxable","13":"shipping-taxable","14":"purchasable","15":"product-type-simple"},"_links":{"self":[{"href":"https:\/\/taborpresse.de\/en\/wp-json\/wp\/v2\/product\/3147","targetHints":{"allow":["GET"]}}],"collection":[{"href":"https:\/\/taborpresse.de\/en\/wp-json\/wp\/v2\/product"}],"about":[{"href":"https:\/\/taborpresse.de\/en\/wp-json\/wp\/v2\/types\/product"}],"wp:featuredmedia":[{"embeddable":true,"href":"https:\/\/taborpresse.de\/en\/wp-json\/wp\/v2\/media\/4749"}],"wp:attachment":[{"href":"https:\/\/taborpresse.de\/en\/wp-json\/wp\/v2\/media?parent=3147"}],"wp:term":[{"taxonomy":"product_brand","embeddable":true,"href":"https:\/\/taborpresse.de\/en\/wp-json\/wp\/v2\/product_brand?post=3147"},{"taxonomy":"product_cat","embeddable":true,"href":"https:\/\/taborpresse.de\/en\/wp-json\/wp\/v2\/product_cat?post=3147"},{"taxonomy":"product_tag","embeddable":true,"href":"https:\/\/taborpresse.de\/en\/wp-json\/wp\/v2\/product_tag?post=3147"}],"curies":[{"name":"wp","href":"https:\/\/api.w.org\/{rel}","templated":true}]}}