{"id":3180,"date":"2015-12-03T16:01:44","date_gmt":"2015-12-03T16:01:44","guid":{"rendered":"http:\/\/shop.taborpresse.de\/produkt\/frederique-loutz-ernesto-castillo-text-ptolomaeische-felder-2\/"},"modified":"2017-11-16T14:31:19","modified_gmt":"2017-11-16T14:31:19","slug":"frederique-loutz-ernesto-castillo-text-ptolomaeische-felder-2","status":"publish","type":"product","link":"https:\/\/taborpresse.de\/en\/produkt\/frederique-loutz-ernesto-castillo-text-ptolomaeische-felder-2\/","title":{"rendered":"Fr\u00e9d\u00e9rique Loutz \/ Ernesto Castillo (Text) &#8220;Ptolom\u00e4ische Felder&#8221;"},"content":{"rendered":"<p>&#8220;Ptolom\u00e4ische Felder&#8221; Lyrikband mit durchg\u00e4ngig mehrfarbigen Lithografien<br \/>\nund eingebundenem Leporello, Format: 34 x 25 cm, Auflage: 60 Exemplare<\/p>\n","protected":false},"excerpt":{"rendered":"<p>&#8220;Ptolom\u00e4ische Felder&#8221; Lyrikband mit durchg\u00e4ngig mehrfarbigen Lithografien und eingebundenem Leporello, Format: 34 x 25 cm, Auflage: 60 Exemplare<\/p>\n","protected":false},"featured_media":5515,"template":"","meta":{"inline_featured_image":false},"product_brand":[],"product_cat":[157,132,168],"product_tag":[],"class_list":{"0":"post-3180","1":"product","2":"type-product","3":"status-publish","4":"has-post-thumbnail","6":"product_cat-book","7":"product_cat-loutz-frederique","8":"product_cat-i-p","10":"first","11":"instock","12":"taxable","13":"shipping-taxable","14":"purchasable","15":"product-type-simple"},"_links":{"self":[{"href":"https:\/\/taborpresse.de\/en\/wp-json\/wp\/v2\/product\/3180","targetHints":{"allow":["GET"]}}],"collection":[{"href":"https:\/\/taborpresse.de\/en\/wp-json\/wp\/v2\/product"}],"about":[{"href":"https:\/\/taborpresse.de\/en\/wp-json\/wp\/v2\/types\/product"}],"wp:featuredmedia":[{"embeddable":true,"href":"https:\/\/taborpresse.de\/en\/wp-json\/wp\/v2\/media\/5515"}],"wp:attachment":[{"href":"https:\/\/taborpresse.de\/en\/wp-json\/wp\/v2\/media?parent=3180"}],"wp:term":[{"taxonomy":"product_brand","embeddable":true,"href":"https:\/\/taborpresse.de\/en\/wp-json\/wp\/v2\/product_brand?post=3180"},{"taxonomy":"product_cat","embeddable":true,"href":"https:\/\/taborpresse.de\/en\/wp-json\/wp\/v2\/product_cat?post=3180"},{"taxonomy":"product_tag","embeddable":true,"href":"https:\/\/taborpresse.de\/en\/wp-json\/wp\/v2\/product_tag?post=3180"}],"curies":[{"name":"wp","href":"https:\/\/api.w.org\/{rel}","templated":true}]}}