{"id":3189,"date":"2015-12-03T16:01:51","date_gmt":"2015-12-03T16:01:51","guid":{"rendered":"http:\/\/shop.taborpresse.de\/produkt\/jonathan-meese-grosse-philosophen-2\/"},"modified":"2021-01-23T12:52:30","modified_gmt":"2021-01-23T12:52:30","slug":"jonathan-meese-grosse-philosophen-2","status":"publish","type":"product","link":"https:\/\/taborpresse.de\/en\/produkt\/jonathan-meese-grosse-philosophen-2\/","title":{"rendered":"Jonathan Meese &#8220;Gro\u00dfe Philosophen&#8221;"},"content":{"rendered":"<p>&#8220;Gro\u00dfe Philosophen&#8221;, vom K\u00fcnstler handbemalte Mappe<br \/>\nmit 7 einfarbig schwarz gedruckten Lithografien,<br \/>\nPapierformat: 70 x 50 cm, Auflage: 20 Exemplare<\/p>\n","protected":false},"excerpt":{"rendered":"<p>&#8220;Gro\u00dfe Philosophen&#8221;, vom K\u00fcnstler handbemalte Mappe mit 7 einfarbig schwarz gedruckten Lithografien, Papierformat: 70 x 50 cm, Auflage: 20 Exemplare<\/p>\n","protected":false},"featured_media":4635,"template":"","meta":{"inline_featured_image":false},"product_brand":[],"product_cat":[168,135],"product_tag":[],"class_list":{"0":"post-3189","1":"product","2":"type-product","3":"status-publish","4":"has-post-thumbnail","6":"product_cat-i-p","7":"product_cat-meese-jonathan","9":"first","10":"instock","11":"taxable","12":"shipping-taxable","13":"purchasable","14":"product-type-simple"},"_links":{"self":[{"href":"https:\/\/taborpresse.de\/en\/wp-json\/wp\/v2\/product\/3189","targetHints":{"allow":["GET"]}}],"collection":[{"href":"https:\/\/taborpresse.de\/en\/wp-json\/wp\/v2\/product"}],"about":[{"href":"https:\/\/taborpresse.de\/en\/wp-json\/wp\/v2\/types\/product"}],"wp:featuredmedia":[{"embeddable":true,"href":"https:\/\/taborpresse.de\/en\/wp-json\/wp\/v2\/media\/4635"}],"wp:attachment":[{"href":"https:\/\/taborpresse.de\/en\/wp-json\/wp\/v2\/media?parent=3189"}],"wp:term":[{"taxonomy":"product_brand","embeddable":true,"href":"https:\/\/taborpresse.de\/en\/wp-json\/wp\/v2\/product_brand?post=3189"},{"taxonomy":"product_cat","embeddable":true,"href":"https:\/\/taborpresse.de\/en\/wp-json\/wp\/v2\/product_cat?post=3189"},{"taxonomy":"product_tag","embeddable":true,"href":"https:\/\/taborpresse.de\/en\/wp-json\/wp\/v2\/product_tag?post=3189"}],"curies":[{"name":"wp","href":"https:\/\/api.w.org\/{rel}","templated":true}]}}