{"id":35961,"date":"2023-12-08T14:50:27","date_gmt":"2023-12-08T14:50:27","guid":{"rendered":"https:\/\/taborpresse.de\/?post_type=product&#038;p=35961"},"modified":"2025-09-09T10:05:24","modified_gmt":"2025-09-09T10:05:24","slug":"mathias-beckmann-baustelle-museumsinsel","status":"publish","type":"product","link":"https:\/\/taborpresse.de\/en\/produkt\/mathias-beckmann-baustelle-museumsinsel\/","title":{"rendered":"Mathias Beckmann \u201eBaustelle Museumsinsel\u201c"},"content":{"rendered":"<p>\u201eBaustelle Museumsinsel\u201c 4 farbige Lithografie<br \/>\nPapierformat: 47 x 38 cm, Auflage 30 Exemplare<\/p>\n<p><a href=\"https:\/\/taborpresse.de\/produkt-kategorie\/berliner-mischung-2023\/\"><strong>Edition Berliner Mischung<\/strong><\/a><\/p>\n<p>Als &#8220;Bonbon&#8221; bieten wir bei Bestellung von zwei Arbeiten 10%, bei 3 Arbeiten 20% und bei allen vieren einen Rabatt von 30% an.<br \/>\n<strong>Gilt nur f\u00fcr die Edition Berliner Mischung!<\/strong><\/p>\n<p><strong>Aus technischen Gr\u00fcnden bestellen Sie bitte, wenn mehrere gew\u00fcnscht sind per mail! mail@taborpresse.de<\/strong><\/p>\n","protected":false},"excerpt":{"rendered":"<p>\u201eBaustelle Museumsinsel\u201c 4 farbige Lithografie Papierformat: 47 x 38 cm, Auflage 30 Exemplare Edition Berliner Mischung Als &#8220;Bonbon&#8221; bieten wir bei Bestellung von zwei Arbeiten 10%, bei 3 Arbeiten 20% und bei allen vieren einen Rabatt von 30% an. Gilt nur f\u00fcr die Edition Berliner Mischung! Aus technischen Gr\u00fcnden bestellen Sie bitte, wenn mehrere gew\u00fcnscht &hellip; <a href=\"https:\/\/taborpresse.de\/en\/produkt\/mathias-beckmann-baustelle-museumsinsel\/\" class=\"more-link\">Continue reading <span class=\"screen-reader-text\">Mathias Beckmann \u201eBaustelle Museumsinsel\u201c<\/span><\/a><\/p>\n","protected":false},"featured_media":35962,"template":"","meta":{"inline_featured_image":false},"product_brand":[],"product_cat":[167,347,163,111],"product_tag":[],"class_list":{"0":"post-35961","1":"product","2":"type-product","3":"status-publish","4":"has-post-thumbnail","6":"product_cat-a-h","7":"product_cat-berliner-mischung-2023","8":"product_cat-editionen","9":"product_cat-beckmann-matthias","11":"first","12":"instock","13":"taxable","14":"shipping-taxable","15":"purchasable","16":"product-type-simple"},"_links":{"self":[{"href":"https:\/\/taborpresse.de\/en\/wp-json\/wp\/v2\/product\/35961","targetHints":{"allow":["GET"]}}],"collection":[{"href":"https:\/\/taborpresse.de\/en\/wp-json\/wp\/v2\/product"}],"about":[{"href":"https:\/\/taborpresse.de\/en\/wp-json\/wp\/v2\/types\/product"}],"wp:featuredmedia":[{"embeddable":true,"href":"https:\/\/taborpresse.de\/en\/wp-json\/wp\/v2\/media\/35962"}],"wp:attachment":[{"href":"https:\/\/taborpresse.de\/en\/wp-json\/wp\/v2\/media?parent=35961"}],"wp:term":[{"taxonomy":"product_brand","embeddable":true,"href":"https:\/\/taborpresse.de\/en\/wp-json\/wp\/v2\/product_brand?post=35961"},{"taxonomy":"product_cat","embeddable":true,"href":"https:\/\/taborpresse.de\/en\/wp-json\/wp\/v2\/product_cat?post=35961"},{"taxonomy":"product_tag","embeddable":true,"href":"https:\/\/taborpresse.de\/en\/wp-json\/wp\/v2\/product_tag?post=35961"}],"curies":[{"name":"wp","href":"https:\/\/api.w.org\/{rel}","templated":true}]}}