{"id":36903,"date":"2025-04-23T13:27:10","date_gmt":"2025-04-23T13:27:10","guid":{"rendered":"https:\/\/taborpresse.de\/?post_type=product&#038;p=36903"},"modified":"2025-04-30T11:33:21","modified_gmt":"2025-04-30T11:33:21","slug":"tamina-amadyar-mother-rice","status":"publish","type":"product","link":"https:\/\/taborpresse.de\/en\/produkt\/tamina-amadyar-mother-rice\/","title":{"rendered":"Tamina Amadyar &#8220;Mother Rice II&#8221;"},"content":{"rendered":"<p>&#8220;Mother Rice II&#8221; Lithografie 4 Farben, Papierformat: 38x50cm,<br \/>\nAuflage: 30 Exemplare<\/p>\n<p>Manchmal erkennt man in einem Moment der Dissoziation die Sch\u00f6nheit eines Alltagsgegenstandes, wie hier eines bedruckten Reissacks. Tamina Amadyar scheint von der Gestaltungsfreude und Symbolik dieser Beh\u00e4ltnisse des wichtigsten Grundnahrungsmittels der Welt angezogen worden zu sein und hat einige davon gemalt, sowie hier ein Motiv als Lithografie umgesetzt. Die \u00dcberh\u00f6hung des Vorgefundenen durch eine starke Farbigkeit und das Motiv der Mutter mit Kind wirken fast sakral. Die Ehrfurcht vor dem Einfachen wird hier zelebriert und wie so oft im Werk der 1989 in Kabul geborenen K\u00fcnstlerin l\u00e4sst die Vagheit viele Interpretationen zu und evoziert eine Bandbreite von Gef\u00fchlen.<br \/>\nGerne k\u00f6nnen Sie diese Arbeit nach Absprache auch vor Ort in unserer Werkstatt besichtigen!<\/p>\n","protected":false},"excerpt":{"rendered":"<p>&#8220;Mother Rice II&#8221; Lithografie 4 Farben, Papierformat: 38x50cm, Auflage: 30 Exemplare Manchmal erkennt man in einem Moment der Dissoziation die Sch\u00f6nheit eines Alltagsgegenstandes, wie hier eines bedruckten Reissacks. Tamina Amadyar scheint von der Gestaltungsfreude und Symbolik dieser Beh\u00e4ltnisse des wichtigsten Grundnahrungsmittels der Welt angezogen worden zu sein und hat einige davon gemalt, sowie hier ein &hellip; <a href=\"https:\/\/taborpresse.de\/en\/produkt\/tamina-amadyar-mother-rice\/\" class=\"more-link\">Continue reading <span class=\"screen-reader-text\">Tamina Amadyar &#8220;Mother Rice II&#8221;<\/span><\/a><\/p>\n","protected":false},"featured_media":36906,"template":"","meta":{"inline_featured_image":false},"product_brand":[],"product_cat":[167,163,276],"product_tag":[],"class_list":{"0":"post-36903","1":"product","2":"type-product","3":"status-publish","4":"has-post-thumbnail","6":"product_cat-a-h","7":"product_cat-editionen","8":"product_cat-tamina-amadyar","10":"first","11":"instock","12":"taxable","13":"shipping-taxable","14":"purchasable","15":"product-type-simple"},"_links":{"self":[{"href":"https:\/\/taborpresse.de\/en\/wp-json\/wp\/v2\/product\/36903","targetHints":{"allow":["GET"]}}],"collection":[{"href":"https:\/\/taborpresse.de\/en\/wp-json\/wp\/v2\/product"}],"about":[{"href":"https:\/\/taborpresse.de\/en\/wp-json\/wp\/v2\/types\/product"}],"wp:featuredmedia":[{"embeddable":true,"href":"https:\/\/taborpresse.de\/en\/wp-json\/wp\/v2\/media\/36906"}],"wp:attachment":[{"href":"https:\/\/taborpresse.de\/en\/wp-json\/wp\/v2\/media?parent=36903"}],"wp:term":[{"taxonomy":"product_brand","embeddable":true,"href":"https:\/\/taborpresse.de\/en\/wp-json\/wp\/v2\/product_brand?post=36903"},{"taxonomy":"product_cat","embeddable":true,"href":"https:\/\/taborpresse.de\/en\/wp-json\/wp\/v2\/product_cat?post=36903"},{"taxonomy":"product_tag","embeddable":true,"href":"https:\/\/taborpresse.de\/en\/wp-json\/wp\/v2\/product_tag?post=36903"}],"curies":[{"name":"wp","href":"https:\/\/api.w.org\/{rel}","templated":true}]}}