{"id":6424,"date":"2018-09-19T11:17:13","date_gmt":"2018-09-19T11:17:13","guid":{"rendered":"https:\/\/taborpresse.de\/?post_type=product&#038;p=6424"},"modified":"2018-09-21T11:09:28","modified_gmt":"2018-09-21T11:09:28","slug":"fritz-bornstueck-viermal-null","status":"publish","type":"product","link":"https:\/\/taborpresse.de\/en\/produkt\/fritz-bornstueck-viermal-null\/","title":{"rendered":"Fritz Bornst\u00fcck &#8220;Viermal Null&#8221;"},"content":{"rendered":"Fritz Bornst\u00fcck &#8220;Viermal Null&#8221;, ceramic, 66 cm tall; unikat","protected":false},"excerpt":{"rendered":"<p>Fritz Bornst\u00fcck &#8220;Viermal Null&#8221;, ceramic, 66 cm tall; unikat<\/p>\n","protected":false},"featured_media":6428,"template":"","meta":{"inline_featured_image":false},"product_brand":[],"product_cat":[167,223],"product_tag":[],"class_list":{"0":"post-6424","1":"product","2":"type-product","3":"status-publish","4":"has-post-thumbnail","6":"product_cat-a-h","7":"product_cat-fritz-bornstueck","9":"first","10":"instock","11":"taxable","12":"shipping-taxable","13":"purchasable","14":"product-type-simple"},"_links":{"self":[{"href":"https:\/\/taborpresse.de\/en\/wp-json\/wp\/v2\/product\/6424","targetHints":{"allow":["GET"]}}],"collection":[{"href":"https:\/\/taborpresse.de\/en\/wp-json\/wp\/v2\/product"}],"about":[{"href":"https:\/\/taborpresse.de\/en\/wp-json\/wp\/v2\/types\/product"}],"wp:featuredmedia":[{"embeddable":true,"href":"https:\/\/taborpresse.de\/en\/wp-json\/wp\/v2\/media\/6428"}],"wp:attachment":[{"href":"https:\/\/taborpresse.de\/en\/wp-json\/wp\/v2\/media?parent=6424"}],"wp:term":[{"taxonomy":"product_brand","embeddable":true,"href":"https:\/\/taborpresse.de\/en\/wp-json\/wp\/v2\/product_brand?post=6424"},{"taxonomy":"product_cat","embeddable":true,"href":"https:\/\/taborpresse.de\/en\/wp-json\/wp\/v2\/product_cat?post=6424"},{"taxonomy":"product_tag","embeddable":true,"href":"https:\/\/taborpresse.de\/en\/wp-json\/wp\/v2\/product_tag?post=6424"}],"curies":[{"name":"wp","href":"https:\/\/api.w.org\/{rel}","templated":true}]}}